{"id":15,"date":"2022-04-01T11:19:39","date_gmt":"2022-04-01T09:19:39","guid":{"rendered":"https:\/\/www.comutech.de\/?page_id=15"},"modified":"2022-04-01T11:19:39","modified_gmt":"2022-04-01T09:19:39","slug":"impressum","status":"publish","type":"page","link":"https:\/\/www.comutech.de\/?page_id=15","title":{"rendered":"Impressum"},"content":{"rendered":"\n<h2>Angaben gem\u00e4\u00df \u00a7 5 TMG<\/h2>\n<p>CoMuTech UG (haftungsbeschr\u00e4nkt)<br>\nObere Holdergasse 7<br>\n74182 Obersulm<\/p>\n\n<p>Handelsregister B: 777435<br>\nRegistergericht: Stuttgart<\/p>\n\n<p><strong>Vertreten durch:<\/strong><br>\nAndreas W\u00f6\u00dfner<\/p>\n\n<h2>Kontakt<\/h2>\n<p>Telefon: 07134 999976-0<br>\nTelefax: 07134 999976-100<br>\nE-Mail: &#105;&#x6e;f&#111;&#x40;c&#111;&#x6d;u&#x74;&#x65;&#99;&#x68;&#46;&#100;&#x65;<\/p>\n\n<h2>Umsatzsteuer-ID<\/h2>\n<p>Umsatzsteuer-Identifikationsnummer gem\u00e4\u00df \u00a7 27 a Umsatzsteuergesetz:<br>\nDE340437489<\/p>\n\n<h2>Redaktionell verantwortlich<\/h2>\n<p>Andreas W\u00f6\u00dfner<\/p>\n\n<h2>Verbraucher\u00adstreit\u00adbeilegung\/Universal\u00adschlichtungs\u00adstelle<\/h2>\n<p>Wir sind nicht bereit oder verpflichtet, an Streitbeilegungsverfahren vor einer Verbraucherschlichtungsstelle teilzunehmen.<\/p>\n\n<p>Quelle: <a href=\"https:\/\/www.e-recht24.de\">eRecht24<\/a><\/p>\n","protected":false},"excerpt":{"rendered":"<p>Angaben gem\u00e4\u00df \u00a7 5 TMG CoMuTech UG (haftungsbeschr\u00e4nkt) Obere Holdergasse 7 74182 Obersulm Handelsregister B: 777435 Registergericht: Stuttgart Vertreten durch: Andreas W\u00f6\u00dfner Kontakt Telefon: 07134 999976-0 Telefax: 07134 999976-100 E-Mail: &#x69;&#x6e;&#102;&#111;&#64;c&#x6f;&#x6d;&#x75;&#116;ec&#x68;&#x2e;&#x64;&#101; Umsatzsteuer-ID Umsatzsteuer-Identifikationsnummer gem\u00e4\u00df \u00a7 27 a Umsatzsteuergesetz: DE340437489 Redaktionell verantwortlich Andreas W\u00f6\u00dfner Verbraucher\u00adstreit\u00adbeilegung\/Universal\u00adschlichtungs\u00adstelle Wir sind nicht bereit oder verpflichtet, an Streitbeilegungsverfahren vor einer Verbraucherschlichtungsstelle teilzunehmen. Quelle: eRecht24<\/p>\n","protected":false},"author":1,"featured_media":0,"parent":0,"menu_order":0,"comment_status":"closed","ping_status":"closed","template":"","meta":[],"_links":{"self":[{"href":"https:\/\/www.comutech.de\/index.php?rest_route=\/wp\/v2\/pages\/15"}],"collection":[{"href":"https:\/\/www.comutech.de\/index.php?rest_route=\/wp\/v2\/pages"}],"about":[{"href":"https:\/\/www.comutech.de\/index.php?rest_route=\/wp\/v2\/types\/page"}],"author":[{"embeddable":true,"href":"https:\/\/www.comutech.de\/index.php?rest_route=\/wp\/v2\/users\/1"}],"replies":[{"embeddable":true,"href":"https:\/\/www.comutech.de\/index.php?rest_route=%2Fwp%2Fv2%2Fcomments&post=15"}],"version-history":[{"count":1,"href":"https:\/\/www.comutech.de\/index.php?rest_route=\/wp\/v2\/pages\/15\/revisions"}],"predecessor-version":[{"id":16,"href":"https:\/\/www.comutech.de\/index.php?rest_route=\/wp\/v2\/pages\/15\/revisions\/16"}],"wp:attachment":[{"href":"https:\/\/www.comutech.de\/index.php?rest_route=%2Fwp%2Fv2%2Fmedia&parent=15"}],"curies":[{"name":"wp","href":"https:\/\/api.w.org\/{rel}","templated":true}]}}